{"id":677,"date":"2018-12-05T18:45:36","date_gmt":"2018-12-05T17:45:36","guid":{"rendered":"http:\/\/danieledalle-peinture.fr\/?page_id=677"},"modified":"2021-11-29T15:18:37","modified_gmt":"2021-11-29T14:18:37","slug":"mes-expositions","status":"publish","type":"page","link":"https:\/\/danieledalle-peinture.fr\/?page_id=677","title":{"rendered":"Mes expositions"},"content":{"rendered":"<ul>\n<li>\u00a0Art et Lumi\u00e8re&#8221; au beffroi de Bergues&#8221; du 9 au 17 avril 2014<\/li>\n<li>\u00a0Salle polyvalente de Coudekerque Village en juin 2015<\/li>\n<li>\u00a0March\u00e9 de No\u00ebl des arts en mairie de Rosenda\u00ebl en novembre 2015-2016 -2017<\/li>\n<li>\u00a0Au &#8220;Petit Manoir&#8221;(chambre d&#8217;h\u00f4tes \u00e0 Socx) en janvier et f\u00e9vrier 2017<\/li>\n<li>\u00a0&#8220;Rendez-vous des artistes&#8221; sur la digue de Malo le 5 ao\u00fbt 2018<\/li>\n<li>Au &#8220;Petit Manoir&#8221; ( Socx )\u00a0\u00a0 8 avril 2019 \/ 19 janv. 2020<\/li>\n<li>M\u00e9diath\u00e8que de Bourbourg\u00a0 15f\u00e8v.\/15mars 2020<\/li>\n<li>Gravelines\u00a0 &#8220;chemin des arts&#8221; les 7 et 8 ao\u00fbt 2021<\/li>\n<li>Bergues . exposition &#8220;Hommage&#8221; sous le beffroi du 23 octobre au 3 novembre<\/li>\n<\/ul>\n","protected":false},"excerpt":{"rendered":"<p>\u00a0Art et Lumi\u00e8re&#8221; au beffroi de Bergues&#8221; du 9 au 17 avril 2014 \u00a0Salle polyvalente de Coudekerque Village en juin 2015 \u00a0March\u00e9 de No\u00ebl des arts en mairie de Rosenda\u00ebl en novembre 2015-2016 -2017 \u00a0Au &#8220;Petit Manoir&#8221;(chambre d&#8217;h\u00f4tes \u00e0 Socx) en janvier et f\u00e9vrier 2017 \u00a0&#8220;Rendez-vous des artistes&#8221; sur la digue de Malo le 5 &hellip; <\/p>\n","protected":false},"author":1,"featured_media":0,"parent":0,"menu_order":0,"comment_status":"closed","ping_status":"closed","template":"","meta":{"footnotes":""},"_links":{"self":[{"href":"https:\/\/danieledalle-peinture.fr\/index.php?rest_route=\/wp\/v2\/pages\/677"}],"collection":[{"href":"https:\/\/danieledalle-peinture.fr\/index.php?rest_route=\/wp\/v2\/pages"}],"about":[{"href":"https:\/\/danieledalle-peinture.fr\/index.php?rest_route=\/wp\/v2\/types\/page"}],"author":[{"embeddable":true,"href":"https:\/\/danieledalle-peinture.fr\/index.php?rest_route=\/wp\/v2\/users\/1"}],"replies":[{"embeddable":true,"href":"https:\/\/danieledalle-peinture.fr\/index.php?rest_route=%2Fwp%2Fv2%2Fcomments&post=677"}],"version-history":[{"count":5,"href":"https:\/\/danieledalle-peinture.fr\/index.php?rest_route=\/wp\/v2\/pages\/677\/revisions"}],"predecessor-version":[{"id":883,"href":"https:\/\/danieledalle-peinture.fr\/index.php?rest_route=\/wp\/v2\/pages\/677\/revisions\/883"}],"wp:attachment":[{"href":"https:\/\/danieledalle-peinture.fr\/index.php?rest_route=%2Fwp%2Fv2%2Fmedia&parent=677"}],"curies":[{"name":"wp","href":"https:\/\/api.w.org\/{rel}","templated":true}]}}